{"id":495,"date":"2021-03-08T12:13:20","date_gmt":"2021-03-08T12:13:20","guid":{"rendered":"http:\/\/carehorse.es\/?page_id=495"},"modified":"2021-03-08T13:00:55","modified_gmt":"2021-03-08T13:00:55","slug":"historia-de-care-horse","status":"publish","type":"page","link":"https:\/\/carehorse.es\/","title":{"rendered":"Historia de CARE Horse"},"content":{"rendered":"\n<p>Este proyecto nace de una ilusi\u00f3n por tener un centro donde los amantes de los equinos sientan que est\u00e1n en las mejores manos.<br>Su fundador Gustavo Alvarez desde que ten\u00eda 14 a\u00f1os ha tenido caballos y los ha disfrutado con su fam\u00edlia de manera particular.<br>Tras varios a\u00f1os pensando este proyecto con mucho cari\u00f1o, este es el resultado.<\/p>\n\n\n\n<div class=\"wp-block-image\"><figure class=\"aligncenter\"><img loading=\"lazy\" decoding=\"async\" width=\"2120\" height=\"1186\" src=\"http:\/\/carehorse.es\/wp-content\/uploads\/2018\/02\/instal\u00e1cions-modificades-amb-pista-rodona.jpg\" alt=\"\" class=\"wp-image-432\" srcset=\"https:\/\/carehorse.es\/wp-content\/uploads\/2018\/02\/instal\u00e1cions-modificades-amb-pista-rodona.jpg 2120w, https:\/\/carehorse.es\/wp-content\/uploads\/2018\/02\/instal\u00e1cions-modificades-amb-pista-rodona-300x168.jpg 300w, https:\/\/carehorse.es\/wp-content\/uploads\/2018\/02\/instal\u00e1cions-modificades-amb-pista-rodona-768x430.jpg 768w, https:\/\/carehorse.es\/wp-content\/uploads\/2018\/02\/instal\u00e1cions-modificades-amb-pista-rodona-1024x573.jpg 1024w\" sizes=\"auto, (max-width: 2120px) 100vw, 2120px\" \/><\/figure><\/div>\n","protected":false},"excerpt":{"rendered":"<p>Este proyecto nace de una ilusi\u00f3n por tener un centro donde los amantes de los equinos sientan que est\u00e1n en&hellip; <\/p>\n","protected":false},"author":1,"featured_media":0,"parent":0,"menu_order":1,"comment_status":"closed","ping_status":"closed","template":"","meta":{"footnotes":""},"class_list":["post-495","page","type-page","status-publish","hentry"],"_links":{"self":[{"href":"https:\/\/carehorse.es\/index.php?rest_route=\/wp\/v2\/pages\/495","targetHints":{"allow":["GET"]}}],"collection":[{"href":"https:\/\/carehorse.es\/index.php?rest_route=\/wp\/v2\/pages"}],"about":[{"href":"https:\/\/carehorse.es\/index.php?rest_route=\/wp\/v2\/types\/page"}],"author":[{"embeddable":true,"href":"https:\/\/carehorse.es\/index.php?rest_route=\/wp\/v2\/users\/1"}],"replies":[{"embeddable":true,"href":"https:\/\/carehorse.es\/index.php?rest_route=%2Fwp%2Fv2%2Fcomments&post=495"}],"version-history":[{"count":4,"href":"https:\/\/carehorse.es\/index.php?rest_route=\/wp\/v2\/pages\/495\/revisions"}],"predecessor-version":[{"id":541,"href":"https:\/\/carehorse.es\/index.php?rest_route=\/wp\/v2\/pages\/495\/revisions\/541"}],"wp:attachment":[{"href":"https:\/\/carehorse.es\/index.php?rest_route=%2Fwp%2Fv2%2Fmedia&parent=495"}],"curies":[{"name":"wp","href":"https:\/\/api.w.org\/{rel}","templated":true}]}}