{"id":499,"date":"2021-03-08T12:14:34","date_gmt":"2021-03-08T12:14:34","guid":{"rendered":"http:\/\/carehorse.es\/?page_id=499"},"modified":"2021-05-23T04:59:46","modified_gmt":"2021-05-23T04:59:46","slug":"servicios","status":"publish","type":"page","link":"https:\/\/carehorse.es\/?page_id=499","title":{"rendered":"Escuela de Equitaci\u00f3n"},"content":{"rendered":"\n<div class=\"wp-block-columns is-layout-flex wp-container-core-columns-is-layout-9d6595d7 wp-block-columns-is-layout-flex\">\n<div class=\"wp-block-column is-layout-flow wp-block-column-is-layout-flow\">\n<figure class=\"wp-block-image size-large is-resized\"><img loading=\"lazy\" decoding=\"async\" src=\"http:\/\/carehorse.es\/wp-content\/uploads\/2021\/03\/IMG-20210228-WA0015-1-1024x682.jpg\" alt=\"\" class=\"wp-image-551\" width=\"220\" height=\"146\"\/><\/figure>\n\n\n\n<p class=\"has-text-align-center\"><strong>BABY HORSE<\/strong><\/p>\n\n\n\n<p class=\"has-text-align-left\"><strong>Baby Horse<\/strong> es una actividad dirigida a los m\u00e1s peque\u00f1os.<\/p>\n\n\n\n<p>Consideramos que la primera toma de contacto entre los ni\u00f1os y los ponis es fundamental para garantizar un largo futuro en este deporte. <\/p>\n\n\n\n<p>La actividad se trata de cepillar y preparar al poni. Despu\u00e9s se inicia la monta dentro de las instalaciones. La duraci\u00f3n es de 40 min aprox.<\/p>\n<\/div>\n\n\n\n<div class=\"wp-block-column is-layout-flow wp-block-column-is-layout-flow\">\n<figure class=\"wp-block-image size-large is-resized\"><img loading=\"lazy\" decoding=\"async\" src=\"http:\/\/carehorse.es\/wp-content\/uploads\/2021\/03\/IMG-20210131-WA0101-1024x682.jpg\" alt=\"\" class=\"wp-image-479\" width=\"218\" height=\"145\" srcset=\"https:\/\/carehorse.es\/wp-content\/uploads\/2021\/03\/IMG-20210131-WA0101-1024x682.jpg 1024w, https:\/\/carehorse.es\/wp-content\/uploads\/2021\/03\/IMG-20210131-WA0101-300x200.jpg 300w, https:\/\/carehorse.es\/wp-content\/uploads\/2021\/03\/IMG-20210131-WA0101-768x512.jpg 768w, https:\/\/carehorse.es\/wp-content\/uploads\/2021\/03\/IMG-20210131-WA0101.jpg 1600w\" sizes=\"auto, (max-width: 218px) 100vw, 218px\" \/><\/figure>\n\n\n\n<p class=\"has-text-align-center\"><strong>CAMPUS<\/strong><\/p>\n\n\n\n<p>Una buena manera de adentrarse en el mundo de la equitaci\u00f3n son los campus. En estos cursos intensivos, los alumnos aprenden todo aquello que rodea el mundo ecuestre de una manera muy <strong>divertida y din\u00e1mica<\/strong>. Manejo, higiene, sesiones pie a tierra, monta&#8230;<\/p>\n\n\n\n<p>En las \u00e9pocas de verano, Navidad y Semana Santa organizamos campus con clases, salidas, manualidades&#8230;<\/p>\n<\/div>\n\n\n\n<div class=\"wp-block-column is-layout-flow wp-block-column-is-layout-flow\">\n<figure class=\"wp-block-image size-large is-resized\"><img loading=\"lazy\" decoding=\"async\" src=\"http:\/\/carehorse.es\/wp-content\/uploads\/2021\/03\/IMG-20210306-WA0006-1024x768.jpg\" alt=\"\" class=\"wp-image-489\" width=\"192\" height=\"145\" srcset=\"https:\/\/carehorse.es\/wp-content\/uploads\/2021\/03\/IMG-20210306-WA0006-1024x768.jpg 1024w, https:\/\/carehorse.es\/wp-content\/uploads\/2021\/03\/IMG-20210306-WA0006-300x225.jpg 300w, https:\/\/carehorse.es\/wp-content\/uploads\/2021\/03\/IMG-20210306-WA0006-768x576.jpg 768w, https:\/\/carehorse.es\/wp-content\/uploads\/2021\/03\/IMG-20210306-WA0006.jpg 2048w\" sizes=\"auto, (max-width: 192px) 100vw, 192px\" \/><\/figure>\n\n\n\n<p><strong>INICIACI\u00d3N<\/strong><\/p>\n\n\n\n<p>Superado el primer contacto, es de vital importancia crear una buena base para garantizar la futura autonomia de los alumnos.<\/p>\n\n\n\n<p>Las <strong>clases de escuela <\/strong>se imparten en grupos reducidos, por tal de mantener la calidad de las mismas. En estas sesiones los alumnos aprenden las t\u00e9cnicas b\u00e1sicas de Doma Cl\u00e1sica y Salto de Obst\u00e1culos, siendo uno de los objetivos prepararse para los Ex\u00e1menes de Galopes de la RFHE.<\/p>\n<\/div>\n<\/div>\n\n\n\n<div class=\"wp-block-buttons aligncenter is-layout-flex wp-block-buttons-is-layout-flex\">\n<div class=\"wp-block-button\"><a class=\"wp-block-button__link\" href=\"http:\/\/carehorse.es\/?page_id=517\">RESERVA<\/a><\/div>\n<\/div>\n","protected":false},"excerpt":{"rendered":"<p>BABY HORSE Baby Horse es una actividad dirigida a los m\u00e1s peque\u00f1os. Consideramos que la primera toma de contacto entre&hellip; <\/p>\n","protected":false},"author":1,"featured_media":0,"parent":0,"menu_order":3,"comment_status":"closed","ping_status":"closed","template":"","meta":{"footnotes":""},"class_list":["post-499","page","type-page","status-publish","hentry"],"_links":{"self":[{"href":"https:\/\/carehorse.es\/index.php?rest_route=\/wp\/v2\/pages\/499","targetHints":{"allow":["GET"]}}],"collection":[{"href":"https:\/\/carehorse.es\/index.php?rest_route=\/wp\/v2\/pages"}],"about":[{"href":"https:\/\/carehorse.es\/index.php?rest_route=\/wp\/v2\/types\/page"}],"author":[{"embeddable":true,"href":"https:\/\/carehorse.es\/index.php?rest_route=\/wp\/v2\/users\/1"}],"replies":[{"embeddable":true,"href":"https:\/\/carehorse.es\/index.php?rest_route=%2Fwp%2Fv2%2Fcomments&post=499"}],"version-history":[{"count":7,"href":"https:\/\/carehorse.es\/index.php?rest_route=\/wp\/v2\/pages\/499\/revisions"}],"predecessor-version":[{"id":593,"href":"https:\/\/carehorse.es\/index.php?rest_route=\/wp\/v2\/pages\/499\/revisions\/593"}],"wp:attachment":[{"href":"https:\/\/carehorse.es\/index.php?rest_route=%2Fwp%2Fv2%2Fmedia&parent=499"}],"curies":[{"name":"wp","href":"https:\/\/api.w.org\/{rel}","templated":true}]}}