{"id":517,"date":"2021-03-08T12:19:58","date_gmt":"2021-03-08T12:19:58","guid":{"rendered":"http:\/\/carehorse.es\/?page_id=517"},"modified":"2021-05-23T05:28:53","modified_gmt":"2021-05-23T05:28:53","slug":"donde-encontrarnos","status":"publish","type":"page","link":"https:\/\/carehorse.es\/?page_id=517","title":{"rendered":"\u00bfDonde Encontrarnos?"},"content":{"rendered":"\n<iframe src=\"https:\/\/www.google.com\/maps\/embed?pb=!1m14!1m12!1m3!1d2425.922508678107!2d2.4531298335028064!3d41.65631286573994!2m3!1f0!2f0!3f0!3m2!1i1024!2i768!4f13.1!5e1!3m2!1ses!2ses!4v1621746338867!5m2!1ses!2ses\" width=\"600\" height=\"450\" style=\"border:0;\" allowfullscreen=\"\" loading=\"lazy\"><\/iframe>\n\n\n\n<p><strong>Tel\u00e8fono de Contacto:<\/strong> 670279090  (Gustavo)<\/p>\n\n\n\n<p><strong>Email:<\/strong> carehorse17@gmail.com<\/p>\n\n\n\n<p><strong>instagram: <\/strong>@carehorse17<\/p>\n\n\n\n<p>A 2 minutos  de la salida de la AP7 Sant celoni\/ Montseny <\/p>\n\n\n\n<p>c\/Rovell\u00f3 368 (08471) Vallgorguina (Acceso Urbanizaci\u00f3n Canad\u00e1 Park)<\/p>\n\n\n\n<p><\/p>\n","protected":false},"excerpt":{"rendered":"<p>Tel\u00e8fono de Contacto: 670279090 (Gustavo) Email: carehorse17@gmail.com instagram: @carehorse17 A 2 minutos de la salida de la AP7 Sant celoni\/&hellip; <\/p>\n","protected":false},"author":1,"featured_media":0,"parent":0,"menu_order":7,"comment_status":"closed","ping_status":"closed","template":"","meta":{"footnotes":""},"class_list":["post-517","page","type-page","status-publish","hentry"],"_links":{"self":[{"href":"https:\/\/carehorse.es\/index.php?rest_route=\/wp\/v2\/pages\/517","targetHints":{"allow":["GET"]}}],"collection":[{"href":"https:\/\/carehorse.es\/index.php?rest_route=\/wp\/v2\/pages"}],"about":[{"href":"https:\/\/carehorse.es\/index.php?rest_route=\/wp\/v2\/types\/page"}],"author":[{"embeddable":true,"href":"https:\/\/carehorse.es\/index.php?rest_route=\/wp\/v2\/users\/1"}],"replies":[{"embeddable":true,"href":"https:\/\/carehorse.es\/index.php?rest_route=%2Fwp%2Fv2%2Fcomments&post=517"}],"version-history":[{"count":5,"href":"https:\/\/carehorse.es\/index.php?rest_route=\/wp\/v2\/pages\/517\/revisions"}],"predecessor-version":[{"id":598,"href":"https:\/\/carehorse.es\/index.php?rest_route=\/wp\/v2\/pages\/517\/revisions\/598"}],"wp:attachment":[{"href":"https:\/\/carehorse.es\/index.php?rest_route=%2Fwp%2Fv2%2Fmedia&parent=517"}],"curies":[{"name":"wp","href":"https:\/\/api.w.org\/{rel}","templated":true}]}}